{"id":8874,"date":"2024-08-13T15:41:49","date_gmt":"2024-08-13T15:41:49","guid":{"rendered":"https:\/\/www.pne.md\/?page_id=8874"},"modified":"2024-09-29T11:40:03","modified_gmt":"2024-09-29T11:40:03","slug":"anunturi","status":"publish","type":"page","link":"https:\/\/www.pne.md\/en\/anunturi\/","title":{"rendered":"Announcements"},"content":{"rendered":"\t\t<div data-elementor-type=\"wp-page\" data-elementor-id=\"8874\" class=\"elementor elementor-8874\">\n\t\t\t\t\t\t<section class=\"elementor-section elementor-top-section elementor-element elementor-element-55e9ba7 elementor-section-boxed elementor-section-height-default elementor-section-height-default\" data-id=\"55e9ba7\" data-element_type=\"section\" data-e-type=\"section\" data-settings=\"{&quot;background_background&quot;:&quot;classic&quot;}\">\n\t\t\t\t\t\t<div class=\"elementor-container elementor-column-gap-default\">\n\t\t\t\t\t<div class=\"elementor-column elementor-col-33 elementor-top-column elementor-element elementor-element-523f326\" data-id=\"523f326\" data-element_type=\"column\" data-e-type=\"column\">\n\t\t\t<div class=\"elementor-widget-wrap\">\n\t\t\t\t\t\t\t<\/div>\n\t\t<\/div>\n\t\t\t\t<div class=\"elementor-column elementor-col-33 elementor-top-column elementor-element elementor-element-240906d\" data-id=\"240906d\" data-element_type=\"column\" data-e-type=\"column\">\n\t\t\t<div class=\"elementor-widget-wrap elementor-element-populated\">\n\t\t\t\t\t\t<div class=\"elementor-element elementor-element-a2ec23a elementor-widget elementor-widget-spacer\" data-id=\"a2ec23a\" data-element_type=\"widget\" data-e-type=\"widget\" data-widget_type=\"spacer.default\">\n\t\t\t\t<div class=\"elementor-widget-container\">\n\t\t\t\t\t\t\t<div class=\"elementor-spacer\">\n\t\t\t<div class=\"elementor-spacer-inner\"><\/div>\n\t\t<\/div>\n\t\t\t\t\t\t<\/div>\n\t\t\t\t<\/div>\n\t\t\t\t<div class=\"elementor-element elementor-element-1c00c5f elementor-widget elementor-widget-heading\" data-id=\"1c00c5f\" data-element_type=\"widget\" data-e-type=\"widget\" data-widget_type=\"heading.default\">\n\t\t\t\t<div class=\"elementor-widget-container\">\n\t\t\t\t\t<h2 class=\"elementor-heading-title elementor-size-default\">Anun\u021buri<\/h2>\t\t\t\t<\/div>\n\t\t\t\t<\/div>\n\t\t\t\t\t<\/div>\n\t\t<\/div>\n\t\t\t\t<div class=\"elementor-column elementor-col-33 elementor-top-column elementor-element elementor-element-6e35ba7\" data-id=\"6e35ba7\" data-element_type=\"column\" data-e-type=\"column\">\n\t\t\t<div class=\"elementor-widget-wrap\">\n\t\t\t\t\t\t\t<\/div>\n\t\t<\/div>\n\t\t\t\t\t<\/div>\n\t\t<\/section>\n\t\t\t\t<section class=\"elementor-section elementor-top-section elementor-element elementor-element-45ccb9c elementor-section-boxed elementor-section-height-default elementor-section-height-default\" data-id=\"45ccb9c\" data-element_type=\"section\" data-e-type=\"section\">\n\t\t\t\t\t\t<div class=\"elementor-container elementor-column-gap-no\">\n\t\t\t\t\t<div class=\"elementor-column elementor-col-100 elementor-top-column elementor-element elementor-element-dc723b8\" data-id=\"dc723b8\" data-element_type=\"column\" data-e-type=\"column\">\n\t\t\t<div class=\"elementor-widget-wrap elementor-element-populated\">\n\t\t\t\t\t\t<div class=\"elementor-element elementor-element-63891c5 elementor-grid-2 elementor-grid-tablet-2 elementor-grid-mobile-1 elementor-widget elementor-widget-wpzoom-elementor-addons-posts-grid\" data-id=\"63891c5\" data-element_type=\"widget\" data-e-type=\"widget\" data-settings=\"{&quot;columns&quot;:&quot;2&quot;,&quot;columns_tablet&quot;:&quot;2&quot;,&quot;columns_mobile&quot;:&quot;1&quot;}\" data-widget_type=\"wpzoom-elementor-addons-posts-grid.default\">\n\t\t\t\t<div class=\"elementor-widget-container\">\n\t\t\t\t\t\t\t<div \n\t\t\tclass=\"wpz-grid\" \n\t\t\tdata-uid=\"63891c5\"\n\t\t\tdata-offset=\"6\"\n\t\t\tdata-posts-grid='{\"posts_per_page\":6,\"post_status\":\"publish\",\"paged\":1,\"post__not_in\":[],\"ignore_sticky_posts\":true,\"category_name\":\"anunturi\",\"orderby\":\"post_date\",\"order\":\"desc\",\"offset\":6,\"show_image\":\"yes\",\"post_thumbnail_size\":\"portfolio_item-thumbnail\",\"show_title\":\"yes\",\"title_tag\":\"h3\",\"meta_data\":[\"date\",\"categories\"],\"show_excerpt\":\"yes\",\"excerpt_length\":50,\"show_read_more\":\"yes\",\"read_more_text\":\"Mai departe &rarr;\",\"grid_style\":\"1\",\"total\":3}'>\n\t\t\t\t\t\t<div class=\"wpz-grid-container elementor-grid wpz-grid-desktop-2  wpz-grid-tablet-2  wpz-grid-mobile-1 \">\n\t\t\t\t\n        <article id=\"post-11488\" class=\"wpz-post post-11488 post type-post status-publish format-standard hentry category-anunturi\">\n         \n            <div class=\"post-grid-inner\">\n            \t\n            \t\n                <div class=\"post-grid-text-wrap\">\n               \t\t\t\t<h3 class=\"title\">\n\t\t\t<a href=\"https:\/\/www.pne.md\/en\/blog\/concurs-functie-specialist-finantare-parteneriate\/\" title=\"Concurs pentru ocuparea func\u021biei de specialist fundraising\/finan\u021bare \u0219i parteneriate (part-time)\">Concurs pentru ocuparea func\u021biei de specialist fundraising\/finan\u021bare \u0219i parteneriate (part-time)<\/a>\n\t\t<\/h3>\n\t\t\t                \t\t<div class=\"post-grid-meta\">\n\t\t\t<span class=\"post-date\">2 April, 2025<\/span><span class=\"post-categories\"><a href=\"https:\/\/www.pne.md\/en\/blog\/category\/anunturi\/\" rel=\"category tag\">Anun\u021buri<\/a><\/span>\t\t<\/div>\n\t\t\t                <div class=\"post-grid-excerpt\"><p>Asocia\u021bia Ob\u0219teasc\u0103 \u201eParteneriate pentru Noua Economie&#8221; (PNE), organiza\u021bie apolitic\u0103 \u0219i nonprofit, dedicat\u0103 promov\u0103rii integr\u0103rii Republicii Moldova \u00een Uniunea European\u0103 \u0219i convergen\u021bei economice cu statele membre ale UE \u0219i alte \u021b\u0103ri democratice, anun\u021b\u0103 concurs pentru ocuparea func\u021biei de Specialist Fundraising\/finan\u021bare \u0219i parteneriate (part-time).<\/p>\n<\/div>\t                <a class=\"read-more-btn\" href=\"https:\/\/www.pne.md\/en\/blog\/concurs-functie-specialist-finantare-parteneriate\/\">Mai departe &rarr;<\/a>                <\/div>\n\n            <\/div><!-- .blog-inner -->\n           \n        <\/article>\n\n        \n        <article id=\"post-10706\" class=\"wpz-post post-10706 post type-post status-publish format-standard hentry category-anunturi\">\n         \n            <div class=\"post-grid-inner\">\n            \t\n            \t\n                <div class=\"post-grid-text-wrap\">\n               \t\t\t\t<h3 class=\"title\">\n\t\t\t<a href=\"https:\/\/www.pne.md\/en\/blog\/invitatie-eveniment-lansare-barometrul-antreprenorilot\/\" title=\"Invita\u021bie la evenimentul de lansare a primului Barometru al Antreprenorilor\">Invita\u021bie la evenimentul de lansare a primului Barometru al Antreprenorilor<\/a>\n\t\t<\/h3>\n\t\t\t                \t\t<div class=\"post-grid-meta\">\n\t\t\t<span class=\"post-date\">23 September, 2024<\/span><span class=\"post-categories\"><a href=\"https:\/\/www.pne.md\/en\/blog\/category\/anunturi\/\" rel=\"category tag\">Anun\u021buri<\/a><\/span>\t\t<\/div>\n\t\t\t                <div class=\"post-grid-excerpt\"><p>Stima\u021bi reprezentan\u021bi ai presei! La 30 septembrie 2024 AO Parteneriate pentru Noua Economie lanseaz\u0103 Barometrul Antreprenorilor, un sondaj de opinie care m\u0103soar\u0103 percep\u021biile oamenilor de afaceri privind evolu\u021bia economiei \u0219i gradul ei de preg\u0103tire pentru integrarea \u00een Uniunea European\u0103.<\/p>\n<\/div>\t                <a class=\"read-more-btn\" href=\"https:\/\/www.pne.md\/en\/blog\/invitatie-eveniment-lansare-barometrul-antreprenorilot\/\">Mai departe &rarr;<\/a>                <\/div>\n\n            <\/div><!-- .blog-inner -->\n           \n        <\/article>\n\n        \n        <article id=\"post-73\" class=\"wpz-post post-73 post type-post status-publish format-standard hentry category-anunturi\">\n         \n            <div class=\"post-grid-inner\">\n            \t\n            \t\n                <div class=\"post-grid-text-wrap\">\n               \t\t\t\t<h3 class=\"title\">\n\t\t\t<a href=\"https:\/\/www.pne.md\/en\/blog\/testing-the-elements\/\" title=\"Parteneriate pentru Noua Economie va prezenta primul Barometru al Antreprenorilor\">Parteneriate pentru Noua Economie va prezenta primul Barometru al Antreprenorilor<\/a>\n\t\t<\/h3>\n\t\t\t                \t\t<div class=\"post-grid-meta\">\n\t\t\t<span class=\"post-date\">17 September, 2024<\/span><span class=\"post-categories\"><a href=\"https:\/\/www.pne.md\/en\/blog\/category\/anunturi\/\" rel=\"category tag\">Anun\u021buri<\/a><\/span>\t\t<\/div>\n\t\t\t                <div class=\"post-grid-excerpt\"><p>Antreprenorii reprezint\u0103 motorul cre\u0219terii economice \u0219i sursa stabilit\u0103\u021bii pentru Republica Moldova. Vocea lor este esen\u021bial\u0103 \u0219i trebuie cunoscut\u0103, pentru a contribui la elaborarea \u0219i implementarea politicilor publice solide, care s\u0103 stimuleze dezvoltare economic\u0103 durabil\u0103. Din acest motiv, AO Parteneriate pentru Noua Economie a realizat sondajul de opinie \u201eBarometrul Antreprenorilor care&hellip;<\/p>\n<\/div>\t                <a class=\"read-more-btn\" href=\"https:\/\/www.pne.md\/en\/blog\/testing-the-elements\/\">Mai departe &rarr;<\/a>                <\/div>\n\n            <\/div><!-- .blog-inner -->\n           \n        <\/article>\n\n        \t\t\t<\/div>\n\n\t\t\t\t\t\t\t\t\n\t\t<\/div><!-- \/\/.wpz-grid -->\n\t\t\t\t\t\t<\/div>\n\t\t\t\t<\/div>\n\t\t\t\t\t<\/div>\n\t\t<\/div>\n\t\t\t\t\t<\/div>\n\t\t<\/section>\n\t\t\t\t<\/div>\n\t\t","protected":false},"excerpt":{"rendered":"<p>Anun\u021buri Invita\u021bie la evenimentul de lansarea primului Barometru al Antreprenorilor 23 September, 2024Anun\u021buri Stima\u021bi reprezentan\u021bi ai presei! Ultima zi a lunii septembrie este marcat\u0103 de Barometrul Antreprenorilor, unul dintre cele mai importante evenimente pentru arena businessului moldovenesc. Astfel, v\u0103 invit\u0103m luni, pe data de 30 septembrie, \u00eencep\u00e2nd cu ora 9.30, [&hellip;]<\/p>\n","protected":false},"author":2,"featured_media":0,"parent":0,"menu_order":0,"comment_status":"closed","ping_status":"closed","template":"page-templates\/full-width-transparent.php","meta":{"footnotes":""},"class_list":["post-8874","page","type-page","status-publish","hentry"],"yoast_head":"<!-- This site is optimized with the Yoast SEO plugin v27.5 - https:\/\/yoast.com\/product\/yoast-seo-wordpress\/ -->\n<title>Anun\u021buri - Parteneriate pentru Noua Economie (PNE)<\/title>\n<meta name=\"description\" content=\"Afl\u0103 cele mai recente anun\u021buri \u0219i oportunit\u0103\u021bi din partea PNE privind proiectele \u0219i ini\u021biativele de integrare a Moldovei \u00een UE.\" \/>\n<meta name=\"robots\" content=\"index, follow, max-snippet:-1, max-image-preview:large, max-video-preview:-1\" \/>\n<link rel=\"canonical\" href=\"https:\/\/www.pne.md\/en\/anunturi\/\" \/>\n<meta property=\"og:locale\" content=\"en_US\" \/>\n<meta property=\"og:type\" content=\"article\" \/>\n<meta property=\"og:title\" content=\"Anun\u021buri - Parteneriate pentru Noua Economie (PNE)\" \/>\n<meta property=\"og:description\" content=\"Afl\u0103 cele mai recente anun\u021buri \u0219i oportunit\u0103\u021bi din partea PNE privind proiectele \u0219i ini\u021biativele de integrare a Moldovei \u00een UE.\" \/>\n<meta property=\"og:url\" content=\"https:\/\/www.pne.md\/en\/anunturi\/\" \/>\n<meta property=\"og:site_name\" content=\"Parteneriate pentru Noua Economie (PNE)\" \/>\n<meta property=\"article:publisher\" content=\"https:\/\/www.facebook.com\/profile.php?id=61553713585036\" \/>\n<meta property=\"article:modified_time\" content=\"2024-09-29T11:40:03+00:00\" \/>\n<meta property=\"og:image\" content=\"https:\/\/www.pne.md\/wp-content\/uploads\/2019\/11\/pne-cover-scaled.jpg\" \/>\n\t<meta property=\"og:image:width\" content=\"2560\" \/>\n\t<meta property=\"og:image:height\" content=\"1124\" \/>\n\t<meta property=\"og:image:type\" content=\"image\/jpeg\" \/>\n<meta name=\"twitter:card\" content=\"summary_large_image\" \/>\n<meta name=\"twitter:label1\" content=\"Est. reading time\" \/>\n\t<meta name=\"twitter:data1\" content=\"2 minutes\" \/>\n<script type=\"application\/ld+json\" class=\"yoast-schema-graph\">{\"@context\":\"https:\\\/\\\/schema.org\",\"@graph\":[{\"@type\":\"WebPage\",\"@id\":\"https:\\\/\\\/www.pne.md\\\/anunturi\\\/\",\"url\":\"https:\\\/\\\/www.pne.md\\\/anunturi\\\/\",\"name\":\"Anun\u021buri - Parteneriate pentru Noua Economie (PNE)\",\"isPartOf\":{\"@id\":\"https:\\\/\\\/www.pne.md\\\/#website\"},\"datePublished\":\"2024-08-13T15:41:49+00:00\",\"dateModified\":\"2024-09-29T11:40:03+00:00\",\"description\":\"Afl\u0103 cele mai recente anun\u021buri \u0219i oportunit\u0103\u021bi din partea PNE privind proiectele \u0219i ini\u021biativele de integrare a Moldovei \u00een UE.\",\"breadcrumb\":{\"@id\":\"https:\\\/\\\/www.pne.md\\\/anunturi\\\/#breadcrumb\"},\"inLanguage\":\"en-US\",\"potentialAction\":[{\"@type\":\"ReadAction\",\"target\":[\"https:\\\/\\\/www.pne.md\\\/anunturi\\\/\"]}]},{\"@type\":\"BreadcrumbList\",\"@id\":\"https:\\\/\\\/www.pne.md\\\/anunturi\\\/#breadcrumb\",\"itemListElement\":[{\"@type\":\"ListItem\",\"position\":1,\"name\":\"Home\",\"item\":\"https:\\\/\\\/www.pne.md\\\/\"},{\"@type\":\"ListItem\",\"position\":2,\"name\":\"Anun\u021buri\"}]},{\"@type\":\"WebSite\",\"@id\":\"https:\\\/\\\/www.pne.md\\\/#website\",\"url\":\"https:\\\/\\\/www.pne.md\\\/\",\"name\":\"Parteneriate pentru Noua Economie (PNE)\",\"description\":\"\",\"publisher\":{\"@id\":\"https:\\\/\\\/www.pne.md\\\/#organization\"},\"potentialAction\":[{\"@type\":\"SearchAction\",\"target\":{\"@type\":\"EntryPoint\",\"urlTemplate\":\"https:\\\/\\\/www.pne.md\\\/?s={search_term_string}\"},\"query-input\":{\"@type\":\"PropertyValueSpecification\",\"valueRequired\":true,\"valueName\":\"search_term_string\"}}],\"inLanguage\":\"en-US\"},{\"@type\":\"Organization\",\"@id\":\"https:\\\/\\\/www.pne.md\\\/#organization\",\"name\":\"Parteneriate pentru Noua Economie\",\"url\":\"https:\\\/\\\/www.pne.md\\\/\",\"logo\":{\"@type\":\"ImageObject\",\"inLanguage\":\"en-US\",\"@id\":\"https:\\\/\\\/www.pne.md\\\/#\\\/schema\\\/logo\\\/image\\\/\",\"url\":\"https:\\\/\\\/www.pne.md\\\/wp-content\\\/uploads\\\/2024\\\/04\\\/pne-logo.webp\",\"contentUrl\":\"https:\\\/\\\/www.pne.md\\\/wp-content\\\/uploads\\\/2024\\\/04\\\/pne-logo.webp\",\"width\":1000,\"height\":234,\"caption\":\"Parteneriate pentru Noua Economie\"},\"image\":{\"@id\":\"https:\\\/\\\/www.pne.md\\\/#\\\/schema\\\/logo\\\/image\\\/\"},\"sameAs\":[\"https:\\\/\\\/www.facebook.com\\\/profile.php?id=61553713585036\"]}]}<\/script>\n<!-- \/ Yoast SEO plugin. -->","yoast_head_json":{"title":"Announcements - Partnerships for the New Economy (PNE)","description":"Find out the latest announcements and opportunities from PNE regarding projects and initiatives for Moldova&#039;s integration into the EU.","robots":{"index":"index","follow":"follow","max-snippet":"max-snippet:-1","max-image-preview":"max-image-preview:large","max-video-preview":"max-video-preview:-1"},"canonical":"https:\/\/www.pne.md\/en\/anunturi\/","og_locale":"en_US","og_type":"article","og_title":"Anun\u021buri - Parteneriate pentru Noua Economie (PNE)","og_description":"Afl\u0103 cele mai recente anun\u021buri \u0219i oportunit\u0103\u021bi din partea PNE privind proiectele \u0219i ini\u021biativele de integrare a Moldovei \u00een UE.","og_url":"https:\/\/www.pne.md\/en\/anunturi\/","og_site_name":"Parteneriate pentru Noua Economie (PNE)","article_publisher":"https:\/\/www.facebook.com\/profile.php?id=61553713585036","article_modified_time":"2024-09-29T11:40:03+00:00","og_image":[{"width":2560,"height":1124,"url":"https:\/\/www.pne.md\/wp-content\/uploads\/2019\/11\/pne-cover-scaled.jpg","type":"image\/jpeg"}],"twitter_card":"summary_large_image","twitter_misc":{"Est. reading time":"2 minutes"},"schema":{"@context":"https:\/\/schema.org","@graph":[{"@type":"WebPage","@id":"https:\/\/www.pne.md\/anunturi\/","url":"https:\/\/www.pne.md\/anunturi\/","name":"Announcements - Partnerships for the New Economy (PNE)","isPartOf":{"@id":"https:\/\/www.pne.md\/#website"},"datePublished":"2024-08-13T15:41:49+00:00","dateModified":"2024-09-29T11:40:03+00:00","description":"Find out the latest announcements and opportunities from PNE regarding projects and initiatives for Moldova&#039;s integration into the EU.","breadcrumb":{"@id":"https:\/\/www.pne.md\/anunturi\/#breadcrumb"},"inLanguage":"en-US","potentialAction":[{"@type":"ReadAction","target":["https:\/\/www.pne.md\/anunturi\/"]}]},{"@type":"BreadcrumbList","@id":"https:\/\/www.pne.md\/anunturi\/#breadcrumb","itemListElement":[{"@type":"ListItem","position":1,"name":"Home","item":"https:\/\/www.pne.md\/"},{"@type":"ListItem","position":2,"name":"Anun\u021buri"}]},{"@type":"WebSite","@id":"https:\/\/www.pne.md\/#website","url":"https:\/\/www.pne.md\/","name":"Partnerships for New Economy (PNE)","description":"","publisher":{"@id":"https:\/\/www.pne.md\/#organization"},"potentialAction":[{"@type":"SearchAction","target":{"@type":"EntryPoint","urlTemplate":"https:\/\/www.pne.md\/?s={search_term_string}"},"query-input":{"@type":"PropertyValueSpecification","valueRequired":true,"valueName":"search_term_string"}}],"inLanguage":"en-US"},{"@type":"Organization","@id":"https:\/\/www.pne.md\/#organization","name":"Partnerships for the New Economy","url":"https:\/\/www.pne.md\/","logo":{"@type":"ImageObject","inLanguage":"en-US","@id":"https:\/\/www.pne.md\/#\/schema\/logo\/image\/","url":"https:\/\/www.pne.md\/wp-content\/uploads\/2024\/04\/pne-logo.webp","contentUrl":"https:\/\/www.pne.md\/wp-content\/uploads\/2024\/04\/pne-logo.webp","width":1000,"height":234,"caption":"Parteneriate pentru Noua Economie"},"image":{"@id":"https:\/\/www.pne.md\/#\/schema\/logo\/image\/"},"sameAs":["https:\/\/www.facebook.com\/profile.php?id=61553713585036"]}]}},"_links":{"self":[{"href":"https:\/\/www.pne.md\/en\/wp-json\/wp\/v2\/pages\/8874","targetHints":{"allow":["GET"]}}],"collection":[{"href":"https:\/\/www.pne.md\/en\/wp-json\/wp\/v2\/pages"}],"about":[{"href":"https:\/\/www.pne.md\/en\/wp-json\/wp\/v2\/types\/page"}],"author":[{"embeddable":true,"href":"https:\/\/www.pne.md\/en\/wp-json\/wp\/v2\/users\/2"}],"replies":[{"embeddable":true,"href":"https:\/\/www.pne.md\/en\/wp-json\/wp\/v2\/comments?post=8874"}],"version-history":[{"count":34,"href":"https:\/\/www.pne.md\/en\/wp-json\/wp\/v2\/pages\/8874\/revisions"}],"predecessor-version":[{"id":10715,"href":"https:\/\/www.pne.md\/en\/wp-json\/wp\/v2\/pages\/8874\/revisions\/10715"}],"wp:attachment":[{"href":"https:\/\/www.pne.md\/en\/wp-json\/wp\/v2\/media?parent=8874"}],"curies":[{"name":"wp","href":"https:\/\/api.w.org\/{rel}","templated":true}]}}