{"id":5574,"date":"2016-12-03T15:44:41","date_gmt":"2016-12-03T15:44:41","guid":{"rendered":"https:\/\/www.pne.md\/causes\/"},"modified":"2024-09-29T11:35:15","modified_gmt":"2024-09-29T11:35:15","slug":"proiecte","status":"publish","type":"page","link":"https:\/\/www.pne.md\/en\/proiecte\/","title":{"rendered":"Projects"},"content":{"rendered":"<div data-elementor-type=\"wp-page\" data-elementor-id=\"5574\" class=\"elementor elementor-5574\">\n\t\t\t\t\t\t<section class=\"elementor-section elementor-top-section elementor-element elementor-element-d778b33 elementor-section-boxed elementor-section-height-default elementor-section-height-default\" data-id=\"d778b33\" data-element_type=\"section\" data-e-type=\"section\" data-settings=\"{&quot;background_background&quot;:&quot;classic&quot;}\">\n\t\t\t\t\t\t<div class=\"elementor-container elementor-column-gap-default\">\n\t\t\t\t\t<div class=\"elementor-column elementor-col-33 elementor-top-column elementor-element elementor-element-caddfe8\" data-id=\"caddfe8\" data-element_type=\"column\" data-e-type=\"column\">\n\t\t\t<div class=\"elementor-widget-wrap\">\n\t\t\t\t\t\t\t<\/div>\n\t\t<\/div>\n\t\t\t\t<div class=\"elementor-column elementor-col-33 elementor-top-column elementor-element elementor-element-43df134\" data-id=\"43df134\" data-element_type=\"column\" data-e-type=\"column\">\n\t\t\t<div class=\"elementor-widget-wrap elementor-element-populated\">\n\t\t\t\t\t\t<div class=\"elementor-element elementor-element-c114cf5 elementor-widget elementor-widget-spacer\" data-id=\"c114cf5\" data-element_type=\"widget\" data-e-type=\"widget\" data-widget_type=\"spacer.default\">\n\t\t\t\t<div class=\"elementor-widget-container\">\n\t\t\t\t\t\t\t<div class=\"elementor-spacer\">\n\t\t\t<div class=\"elementor-spacer-inner\"><\/div>\n\t\t<\/div>\n\t\t\t\t\t\t<\/div>\n\t\t\t\t<\/div>\n\t\t\t\t<div class=\"elementor-element elementor-element-5dd43fe elementor-widget elementor-widget-heading\" data-id=\"5dd43fe\" data-element_type=\"widget\" data-e-type=\"widget\" data-widget_type=\"heading.default\">\n\t\t\t\t<div class=\"elementor-widget-container\">\n\t\t\t\t\t<h2 class=\"elementor-heading-title elementor-size-default\">Our projects<\/h2>\t\t\t\t<\/div>\n\t\t\t\t<\/div>\n\t\t\t\t\t<\/div>\n\t\t<\/div>\n\t\t\t\t<div class=\"elementor-column elementor-col-33 elementor-top-column elementor-element elementor-element-3194178\" data-id=\"3194178\" data-element_type=\"column\" data-e-type=\"column\">\n\t\t\t<div class=\"elementor-widget-wrap\">\n\t\t\t\t\t\t\t<\/div>\n\t\t<\/div>\n\t\t\t\t\t<\/div>\n\t\t<\/section>\n\t\t\t\t<section class=\"elementor-section elementor-top-section elementor-element elementor-element-9e30be7 elementor-section-height-min-height elementor-section-items-stretch elementor-section-boxed elementor-section-height-default\" data-id=\"9e30be7\" data-element_type=\"section\" data-e-type=\"section\" data-settings=\"{&quot;background_background&quot;:&quot;classic&quot;}\">\n\t\t\t\t\t\t\t<div class=\"elementor-background-overlay\"><\/div>\n\t\t\t\t\t\t\t<div class=\"elementor-container elementor-column-gap-custom\">\n\t\t\t\t\t<div class=\"elementor-column elementor-col-50 elementor-top-column elementor-element elementor-element-4172020\" data-id=\"4172020\" data-element_type=\"column\" data-e-type=\"column\" data-settings=\"{&quot;background_background&quot;:&quot;classic&quot;}\">\n\t\t\t<div class=\"elementor-widget-wrap elementor-element-populated\">\n\t\t\t\t\t<div class=\"elementor-background-overlay\"><\/div>\n\t\t\t\t\t\t<div class=\"elementor-element elementor-element-f7fc49c elementor-widget elementor-widget-heading\" data-id=\"f7fc49c\" data-element_type=\"widget\" data-e-type=\"widget\" data-widget_type=\"heading.default\">\n\t\t\t\t<div class=\"elementor-widget-container\">\n\t\t\t\t\t<h3 class=\"elementor-heading-title elementor-size-default\"><a href=\"https:\/\/www.pne.md\/en\/proiecte\/evaluarea-sentimentelor-atitudinilor-antreprenorilor\/\">Assessing entrepreneurs&#039; feelings and attitudes about European integration<\/a><\/h3>\t\t\t\t<\/div>\n\t\t\t\t<\/div>\n\t\t\t\t<div class=\"elementor-element elementor-element-c02dba9 elementor-align-center elementor-widget elementor-widget-button\" data-id=\"c02dba9\" data-element_type=\"widget\" data-e-type=\"widget\" data-widget_type=\"button.default\">\n\t\t\t\t<div class=\"elementor-widget-container\">\n\t\t\t\t\t\t\t\t\t<div class=\"elementor-button-wrapper\">\n\t\t\t\t\t<a class=\"elementor-button elementor-button-link elementor-size-lg\" href=\"https:\/\/www.pne.md\/en\/proiecte\/evaluarea-sentimentelor-atitudinilor-antreprenorilor\/\">\n\t\t\t\t\t\t<span class=\"elementor-button-content-wrapper\">\n\t\t\t\t\t\t\t\t\t<span class=\"elementor-button-text\">Details<\/span>\n\t\t\t\t\t<\/span>\n\t\t\t\t\t<\/a>\n\t\t\t\t<\/div>\n\t\t\t\t\t\t\t\t<\/div>\n\t\t\t\t<\/div>\n\t\t\t\t\t<\/div>\n\t\t<\/div>\n\t\t\t\t<div class=\"elementor-column elementor-col-50 elementor-top-column elementor-element elementor-element-0a1ca74\" data-id=\"0a1ca74\" data-element_type=\"column\" data-e-type=\"column\" data-settings=\"{&quot;background_background&quot;:&quot;classic&quot;}\">\n\t\t\t<div class=\"elementor-widget-wrap elementor-element-populated\">\n\t\t\t\t\t<div class=\"elementor-background-overlay\"><\/div>\n\t\t\t\t\t\t<div class=\"elementor-element elementor-element-234c89d elementor-widget elementor-widget-heading\" data-id=\"234c89d\" data-element_type=\"widget\" data-e-type=\"widget\" data-widget_type=\"heading.default\">\n\t\t\t\t<div class=\"elementor-widget-container\">\n\t\t\t\t\t<h3 class=\"elementor-heading-title elementor-size-default\"><a href=\"https:\/\/www.pne.md\/en\/proiecte\/cresterea-gradului-de-constientizare\/\">Increasing the level of awareness and involvement of Moldovan citizens in the development of economic policies related to European integration<\/a><\/h3>\t\t\t\t<\/div>\n\t\t\t\t<\/div>\n\t\t\t\t<div class=\"elementor-element elementor-element-3c17791 elementor-align-center elementor-widget elementor-widget-button\" data-id=\"3c17791\" data-element_type=\"widget\" data-e-type=\"widget\" data-widget_type=\"button.default\">\n\t\t\t\t<div class=\"elementor-widget-container\">\n\t\t\t\t\t\t\t\t\t<div class=\"elementor-button-wrapper\">\n\t\t\t\t\t<a class=\"elementor-button elementor-button-link elementor-size-lg\" href=\"https:\/\/www.pne.md\/en\/proiecte\/cresterea-gradului-de-constientizare\/\">\n\t\t\t\t\t\t<span class=\"elementor-button-content-wrapper\">\n\t\t\t\t\t\t\t\t\t<span class=\"elementor-button-text\">Details<\/span>\n\t\t\t\t\t<\/span>\n\t\t\t\t\t<\/a>\n\t\t\t\t<\/div>\n\t\t\t\t\t\t\t\t<\/div>\n\t\t\t\t<\/div>\n\t\t\t\t\t<\/div>\n\t\t<\/div>\n\t\t\t\t\t<\/div>\n\t\t<\/section>\n\t\t\t\t<\/div>","protected":false},"excerpt":{"rendered":"<p>Our projects Assessing the feelings and attitudes of entrepreneurs regarding European integration Details Raising the level of awareness and involvement of Moldovan citizens in the development of economic policies related to European integration Details<\/p>","protected":false},"author":2,"featured_media":0,"parent":0,"menu_order":0,"comment_status":"closed","ping_status":"closed","template":"page-templates\/full-width-transparent.php","meta":{"footnotes":""},"class_list":["post-5574","page","type-page","status-publish","hentry"],"yoast_head":"<!-- This site is optimized with the Yoast SEO plugin v27.5 - https:\/\/yoast.com\/product\/yoast-seo-wordpress\/ -->\n<title>Proiecte - Parteneriate pentru Noua Economie (PNE)<\/title>\n<meta name=\"description\" content=\"Descoper\u0103 proiectele PNE care sprijin\u0103 integrarea Moldovei \u00een UE \u0219i dezvoltarea economic\u0103 prin parteneriate strategice \u0219i politici publice eficiente.\" \/>\n<meta name=\"robots\" content=\"index, follow, max-snippet:-1, max-image-preview:large, max-video-preview:-1\" \/>\n<link rel=\"canonical\" href=\"https:\/\/www.pne.md\/en\/proiecte\/\" \/>\n<meta property=\"og:locale\" content=\"en_US\" \/>\n<meta property=\"og:type\" content=\"article\" \/>\n<meta property=\"og:title\" content=\"Proiecte - Parteneriate pentru Noua Economie (PNE)\" \/>\n<meta property=\"og:description\" content=\"Descoper\u0103 proiectele PNE care sprijin\u0103 integrarea Moldovei \u00een UE \u0219i dezvoltarea economic\u0103 prin parteneriate strategice \u0219i politici publice eficiente.\" \/>\n<meta property=\"og:url\" content=\"https:\/\/www.pne.md\/en\/proiecte\/\" \/>\n<meta property=\"og:site_name\" content=\"Parteneriate pentru Noua Economie (PNE)\" \/>\n<meta property=\"article:publisher\" content=\"https:\/\/www.facebook.com\/profile.php?id=61553713585036\" \/>\n<meta property=\"article:modified_time\" content=\"2024-09-29T11:35:15+00:00\" \/>\n<meta property=\"og:image\" content=\"https:\/\/www.pne.md\/wp-content\/uploads\/2019\/11\/pne-cover-scaled.jpg\" \/>\n\t<meta property=\"og:image:width\" content=\"2560\" \/>\n\t<meta property=\"og:image:height\" content=\"1124\" \/>\n\t<meta property=\"og:image:type\" content=\"image\/jpeg\" \/>\n<meta name=\"twitter:card\" content=\"summary_large_image\" \/>\n<meta name=\"twitter:label1\" content=\"Est. reading time\" \/>\n\t<meta name=\"twitter:data1\" content=\"1 minute\" \/>\n<script type=\"application\/ld+json\" class=\"yoast-schema-graph\">{\"@context\":\"https:\\\/\\\/schema.org\",\"@graph\":[{\"@type\":\"WebPage\",\"@id\":\"https:\\\/\\\/www.pne.md\\\/proiecte\\\/\",\"url\":\"https:\\\/\\\/www.pne.md\\\/proiecte\\\/\",\"name\":\"Proiecte - Parteneriate pentru Noua Economie (PNE)\",\"isPartOf\":{\"@id\":\"https:\\\/\\\/www.pne.md\\\/#website\"},\"datePublished\":\"2016-12-03T15:44:41+00:00\",\"dateModified\":\"2024-09-29T11:35:15+00:00\",\"description\":\"Descoper\u0103 proiectele PNE care sprijin\u0103 integrarea Moldovei \u00een UE \u0219i dezvoltarea economic\u0103 prin parteneriate strategice \u0219i politici publice eficiente.\",\"breadcrumb\":{\"@id\":\"https:\\\/\\\/www.pne.md\\\/proiecte\\\/#breadcrumb\"},\"inLanguage\":\"en-US\",\"potentialAction\":[{\"@type\":\"ReadAction\",\"target\":[\"https:\\\/\\\/www.pne.md\\\/proiecte\\\/\"]}]},{\"@type\":\"BreadcrumbList\",\"@id\":\"https:\\\/\\\/www.pne.md\\\/proiecte\\\/#breadcrumb\",\"itemListElement\":[{\"@type\":\"ListItem\",\"position\":1,\"name\":\"Home\",\"item\":\"https:\\\/\\\/www.pne.md\\\/\"},{\"@type\":\"ListItem\",\"position\":2,\"name\":\"Proiecte\"}]},{\"@type\":\"WebSite\",\"@id\":\"https:\\\/\\\/www.pne.md\\\/#website\",\"url\":\"https:\\\/\\\/www.pne.md\\\/\",\"name\":\"Parteneriate pentru Noua Economie (PNE)\",\"description\":\"\",\"publisher\":{\"@id\":\"https:\\\/\\\/www.pne.md\\\/#organization\"},\"potentialAction\":[{\"@type\":\"SearchAction\",\"target\":{\"@type\":\"EntryPoint\",\"urlTemplate\":\"https:\\\/\\\/www.pne.md\\\/?s={search_term_string}\"},\"query-input\":{\"@type\":\"PropertyValueSpecification\",\"valueRequired\":true,\"valueName\":\"search_term_string\"}}],\"inLanguage\":\"en-US\"},{\"@type\":\"Organization\",\"@id\":\"https:\\\/\\\/www.pne.md\\\/#organization\",\"name\":\"Parteneriate pentru Noua Economie\",\"url\":\"https:\\\/\\\/www.pne.md\\\/\",\"logo\":{\"@type\":\"ImageObject\",\"inLanguage\":\"en-US\",\"@id\":\"https:\\\/\\\/www.pne.md\\\/#\\\/schema\\\/logo\\\/image\\\/\",\"url\":\"https:\\\/\\\/www.pne.md\\\/wp-content\\\/uploads\\\/2024\\\/04\\\/pne-logo.webp\",\"contentUrl\":\"https:\\\/\\\/www.pne.md\\\/wp-content\\\/uploads\\\/2024\\\/04\\\/pne-logo.webp\",\"width\":1000,\"height\":234,\"caption\":\"Parteneriate pentru Noua Economie\"},\"image\":{\"@id\":\"https:\\\/\\\/www.pne.md\\\/#\\\/schema\\\/logo\\\/image\\\/\"},\"sameAs\":[\"https:\\\/\\\/www.facebook.com\\\/profile.php?id=61553713585036\"]}]}<\/script>\n<!-- \/ Yoast SEO plugin. -->","yoast_head_json":{"title":"Projects - Partnerships for the New Economy (PNE)","description":"Discover the PNE projects that support Moldova&#039;s integration into the EU and economic development through strategic partnerships and effective public policies.","robots":{"index":"index","follow":"follow","max-snippet":"max-snippet:-1","max-image-preview":"max-image-preview:large","max-video-preview":"max-video-preview:-1"},"canonical":"https:\/\/www.pne.md\/en\/proiecte\/","og_locale":"en_US","og_type":"article","og_title":"Proiecte - Parteneriate pentru Noua Economie (PNE)","og_description":"Descoper\u0103 proiectele PNE care sprijin\u0103 integrarea Moldovei \u00een UE \u0219i dezvoltarea economic\u0103 prin parteneriate strategice \u0219i politici publice eficiente.","og_url":"https:\/\/www.pne.md\/en\/proiecte\/","og_site_name":"Parteneriate pentru Noua Economie (PNE)","article_publisher":"https:\/\/www.facebook.com\/profile.php?id=61553713585036","article_modified_time":"2024-09-29T11:35:15+00:00","og_image":[{"width":2560,"height":1124,"url":"https:\/\/www.pne.md\/wp-content\/uploads\/2019\/11\/pne-cover-scaled.jpg","type":"image\/jpeg"}],"twitter_card":"summary_large_image","twitter_misc":{"Est. reading time":"1 minute"},"schema":{"@context":"https:\/\/schema.org","@graph":[{"@type":"WebPage","@id":"https:\/\/www.pne.md\/proiecte\/","url":"https:\/\/www.pne.md\/proiecte\/","name":"Projects - Partnerships for the New Economy (PNE)","isPartOf":{"@id":"https:\/\/www.pne.md\/#website"},"datePublished":"2016-12-03T15:44:41+00:00","dateModified":"2024-09-29T11:35:15+00:00","description":"Discover the PNE projects that support Moldova&#039;s integration into the EU and economic development through strategic partnerships and effective public policies.","breadcrumb":{"@id":"https:\/\/www.pne.md\/proiecte\/#breadcrumb"},"inLanguage":"en-US","potentialAction":[{"@type":"ReadAction","target":["https:\/\/www.pne.md\/proiecte\/"]}]},{"@type":"BreadcrumbList","@id":"https:\/\/www.pne.md\/proiecte\/#breadcrumb","itemListElement":[{"@type":"ListItem","position":1,"name":"Home","item":"https:\/\/www.pne.md\/"},{"@type":"ListItem","position":2,"name":"Proiecte"}]},{"@type":"WebSite","@id":"https:\/\/www.pne.md\/#website","url":"https:\/\/www.pne.md\/","name":"Partnerships for New Economy (PNE)","description":"","publisher":{"@id":"https:\/\/www.pne.md\/#organization"},"potentialAction":[{"@type":"SearchAction","target":{"@type":"EntryPoint","urlTemplate":"https:\/\/www.pne.md\/?s={search_term_string}"},"query-input":{"@type":"PropertyValueSpecification","valueRequired":true,"valueName":"search_term_string"}}],"inLanguage":"en-US"},{"@type":"Organization","@id":"https:\/\/www.pne.md\/#organization","name":"Partnerships for the New Economy","url":"https:\/\/www.pne.md\/","logo":{"@type":"ImageObject","inLanguage":"en-US","@id":"https:\/\/www.pne.md\/#\/schema\/logo\/image\/","url":"https:\/\/www.pne.md\/wp-content\/uploads\/2024\/04\/pne-logo.webp","contentUrl":"https:\/\/www.pne.md\/wp-content\/uploads\/2024\/04\/pne-logo.webp","width":1000,"height":234,"caption":"Parteneriate pentru Noua Economie"},"image":{"@id":"https:\/\/www.pne.md\/#\/schema\/logo\/image\/"},"sameAs":["https:\/\/www.facebook.com\/profile.php?id=61553713585036"]}]}},"_links":{"self":[{"href":"https:\/\/www.pne.md\/en\/wp-json\/wp\/v2\/pages\/5574","targetHints":{"allow":["GET"]}}],"collection":[{"href":"https:\/\/www.pne.md\/en\/wp-json\/wp\/v2\/pages"}],"about":[{"href":"https:\/\/www.pne.md\/en\/wp-json\/wp\/v2\/types\/page"}],"author":[{"embeddable":true,"href":"https:\/\/www.pne.md\/en\/wp-json\/wp\/v2\/users\/2"}],"replies":[{"embeddable":true,"href":"https:\/\/www.pne.md\/en\/wp-json\/wp\/v2\/comments?post=5574"}],"version-history":[{"count":82,"href":"https:\/\/www.pne.md\/en\/wp-json\/wp\/v2\/pages\/5574\/revisions"}],"predecessor-version":[{"id":10768,"href":"https:\/\/www.pne.md\/en\/wp-json\/wp\/v2\/pages\/5574\/revisions\/10768"}],"wp:attachment":[{"href":"https:\/\/www.pne.md\/en\/wp-json\/wp\/v2\/media?parent=5574"}],"curies":[{"name":"wp","href":"https:\/\/api.w.org\/{rel}","templated":true}]}}