{"id":10231,"date":"2024-09-17T19:12:18","date_gmt":"2024-09-17T19:12:18","guid":{"rendered":"https:\/\/www.pne.md\/?page_id=10231"},"modified":"2024-09-29T11:58:26","modified_gmt":"2024-09-29T11:58:26","slug":"natalia-gavrilita","status":"publish","type":"page","link":"https:\/\/www.pne.md\/en\/despre-noi\/natalia-gavrilita\/","title":{"rendered":"Natalia Gavrili\u021ba"},"content":{"rendered":"<div data-elementor-type=\"wp-page\" data-elementor-id=\"10231\" class=\"elementor elementor-10231\">\n\t\t\t\t<div class=\"elementor-element elementor-element-afe195e e-flex e-con-boxed e-con e-parent\" data-id=\"afe195e\" data-element_type=\"container\" data-e-type=\"container\" data-settings=\"{&quot;background_background&quot;:&quot;classic&quot;}\">\n\t\t\t\t\t<div class=\"e-con-inner\">\n\t\t<div class=\"elementor-element elementor-element-b68aa7f e-con-full e-flex e-con e-child\" data-id=\"b68aa7f\" data-element_type=\"container\" data-e-type=\"container\">\n\t\t\t\t<\/div>\n\t\t<div class=\"elementor-element elementor-element-10ab3e4 e-con-full e-flex e-con e-child\" data-id=\"10ab3e4\" data-element_type=\"container\" data-e-type=\"container\">\n\t\t\t\t<div class=\"elementor-element elementor-element-c572bb5 elementor-widget elementor-widget-spacer\" data-id=\"c572bb5\" data-element_type=\"widget\" data-e-type=\"widget\" data-widget_type=\"spacer.default\">\n\t\t\t\t<div class=\"elementor-widget-container\">\n\t\t\t\t\t\t\t<div class=\"elementor-spacer\">\n\t\t\t<div class=\"elementor-spacer-inner\"><\/div>\n\t\t<\/div>\n\t\t\t\t\t\t<\/div>\n\t\t\t\t<\/div>\n\t\t\t\t<\/div>\n\t\t<div class=\"elementor-element elementor-element-61d901f e-con-full e-flex e-con e-child\" data-id=\"61d901f\" data-element_type=\"container\" data-e-type=\"container\">\n\t\t\t\t<\/div>\n\t\t\t\t\t<\/div>\n\t\t\t\t<\/div>\n\t\t\t\t<section class=\"elementor-section elementor-top-section elementor-element elementor-element-699a540d elementor-section-boxed elementor-section-height-default elementor-section-height-default\" data-id=\"699a540d\" data-element_type=\"section\" data-e-type=\"section\">\n\t\t\t\t\t\t<div class=\"elementor-container elementor-column-gap-no\">\n\t\t\t\t\t<div class=\"elementor-column elementor-col-50 elementor-top-column elementor-element elementor-element-56a6c71c\" data-id=\"56a6c71c\" data-element_type=\"column\" data-e-type=\"column\">\n\t\t\t<div class=\"elementor-widget-wrap elementor-element-populated\">\n\t\t\t\t<div class=\"elementor-element elementor-element-e924719 e-flex e-con-boxed e-con e-parent\" data-id=\"e924719\" data-element_type=\"container\" data-e-type=\"container\">\n\t\t\t\t\t<div class=\"e-con-inner\">\n\t\t\t\t<div class=\"elementor-element elementor-element-e63ca8d elementor-widget elementor-widget-image\" data-id=\"e63ca8d\" data-element_type=\"widget\" data-e-type=\"widget\" data-widget_type=\"image.default\">\n\t\t\t\t<div class=\"elementor-widget-container\">\n\t\t\t\t\t\t\t\t\t\t\t\t\t\t\t<img fetchpriority=\"high\" decoding=\"async\" width=\"1440\" height=\"745\" src=\"https:\/\/www.pne.md\/wp-content\/uploads\/2024\/09\/natalia-gavrilita.jpg\" class=\"attachment-full size-full wp-image-9693\" alt=\"Natalia Gavrili\u021b\u0103\" srcset=\"https:\/\/www.pne.md\/wp-content\/uploads\/2024\/09\/natalia-gavrilita.jpg 1440w, https:\/\/www.pne.md\/wp-content\/uploads\/2024\/09\/natalia-gavrilita-300x155.jpg 300w, https:\/\/www.pne.md\/wp-content\/uploads\/2024\/09\/natalia-gavrilita-1024x530.jpg 1024w, https:\/\/www.pne.md\/wp-content\/uploads\/2024\/09\/natalia-gavrilita-768x397.jpg 768w, https:\/\/www.pne.md\/wp-content\/uploads\/2024\/09\/natalia-gavrilita-1000x517.jpg 1000w, https:\/\/www.pne.md\/wp-content\/uploads\/2024\/09\/natalia-gavrilita-1082x560.jpg 1082w, https:\/\/www.pne.md\/wp-content\/uploads\/2024\/09\/natalia-gavrilita-600x310.jpg 600w\" sizes=\"(max-width: 1440px) 100vw, 1440px\" \/>\t\t\t\t\t\t\t\t\t\t\t\t\t\t\t<\/div>\n\t\t\t\t<\/div>\n\t\t\t\t<div class=\"elementor-element elementor-element-dbf3a75 elementor-shape-circle elementor-grid-0 e-grid-align-center elementor-widget elementor-widget-social-icons\" data-id=\"dbf3a75\" data-element_type=\"widget\" data-e-type=\"widget\" data-widget_type=\"social-icons.default\">\n\t\t\t\t<div class=\"elementor-widget-container\">\n\t\t\t\t\t\t\t<div class=\"elementor-social-icons-wrapper elementor-grid\" role=\"list\">\n\t\t\t\t\t\t\t<span class=\"elementor-grid-item\" role=\"listitem\">\n\t\t\t\t\t<a class=\"elementor-icon elementor-social-icon elementor-social-icon-facebook elementor-repeater-item-5c54189\" href=\"https:\/\/www.facebook.com\/natalia.gavrilita.10\" target=\"_blank\">\n\t\t\t\t\t\t<span class=\"elementor-screen-only\">Facebook<\/span>\n\t\t\t\t\t\t<svg aria-hidden=\"true\" class=\"e-font-icon-svg e-fab-facebook\" viewbox=\"0 0 512 512\" xmlns=\"http:\/\/www.w3.org\/2000\/svg\"><path d=\"M504 256C504 119 393 8 256 8S8 119 8 256c0 123.78 90.69 226.38 209.25 245V327.69h-63V256h63v-54.64c0-62.15 37-96.48 93.67-96.48 27.14 0 55.52 4.84 55.52 4.84v61h-31.28c-30.8 0-40.41 19.12-40.41 38.73V256h68.78l-11 71.69h-57.78V501C413.31 482.38 504 379.78 504 256z\"><\/path><\/svg>\t\t\t\t\t<\/a>\n\t\t\t\t<\/span>\n\t\t\t\t\t\t\t<span class=\"elementor-grid-item\" role=\"listitem\">\n\t\t\t\t\t<a class=\"elementor-icon elementor-social-icon elementor-social-icon-linkedin elementor-repeater-item-5bf8630\" href=\"https:\/\/www.linkedin.com\/in\/natalia-gavrili%C8%9Ba-406268\/\" target=\"_blank\">\n\t\t\t\t\t\t<span class=\"elementor-screen-only\">LinkedIn<\/span>\n\t\t\t\t\t\t<svg aria-hidden=\"true\" class=\"e-font-icon-svg e-fab-linkedin\" viewbox=\"0 0 448 512\" xmlns=\"http:\/\/www.w3.org\/2000\/svg\"><path d=\"M416 32H31.9C14.3 32 0 46.5 0 64.3v383.4C0 465.5 14.3 480 31.9 480H416c17.6 0 32-14.5 32-32.3V64.3c0-17.8-14.4-32.3-32-32.3zM135.4 416H69V202.2h66.5V416zm-33.2-243c-21.3 0-38.5-17.3-38.5-38.5S80.9 96 102.2 96c21.2 0 38.5 17.3 38.5 38.5 0 21.3-17.2 38.5-38.5 38.5zm282.1 243h-66.4V312c0-24.8-.5-56.7-34.5-56.7-34.6 0-39.9 27-39.9 54.9V416h-66.4V202.2h63.7v29.2h.9c8.9-16.8 30.6-34.5 62.9-34.5 67.2 0 79.7 44.3 79.7 101.9V416z\"><\/path><\/svg>\t\t\t\t\t<\/a>\n\t\t\t\t<\/span>\n\t\t\t\t\t<\/div>\n\t\t\t\t\t\t<\/div>\n\t\t\t\t<\/div>\n\t\t\t\t\t<\/div>\n\t\t\t\t<\/div>\n\t\t\t\t\t<\/div>\n\t\t<\/div>\n\t\t\t\t<div class=\"elementor-column elementor-col-50 elementor-top-column elementor-element elementor-element-31f6792e\" data-id=\"31f6792e\" data-element_type=\"column\" data-e-type=\"column\">\n\t\t\t<div class=\"elementor-widget-wrap elementor-element-populated\">\n\t\t\t\t\t\t<div class=\"elementor-element elementor-element-1e54dbf elementor-widget elementor-widget-heading\" data-id=\"1e54dbf\" data-element_type=\"widget\" data-e-type=\"widget\" data-widget_type=\"heading.default\">\n\t\t\t\t<div class=\"elementor-widget-container\">\n\t\t\t\t\t<h1 class=\"elementor-heading-title elementor-size-default\">Natalia Gavrili\u021ba<\/h1>\t\t\t\t<\/div>\n\t\t\t\t<\/div>\n\t\t\t\t<div class=\"elementor-element elementor-element-1a75910 elementor-widget elementor-widget-heading\" data-id=\"1a75910\" data-element_type=\"widget\" data-e-type=\"widget\" data-widget_type=\"heading.default\">\n\t\t\t\t<div class=\"elementor-widget-container\">\n\t\t\t\t\t<h2 class=\"elementor-heading-title elementor-size-default\">PNE Director<\/h2>\t\t\t\t<\/div>\n\t\t\t\t<\/div>\n\t\t\t\t<div class=\"elementor-element elementor-element-3b9e96c9 elementor-widget__width-initial elementor-widget-tablet__width-initial elementor-widget elementor-widget-text-editor\" data-id=\"3b9e96c9\" data-element_type=\"widget\" data-e-type=\"widget\" data-widget_type=\"text-editor.default\">\n\t\t\t\t<div class=\"elementor-widget-container\">\n\t\t\t\t\t\t\t\t\t<p>Natalia Gavrili\u021ba is the co-founder and director of the AO Partnership for the New Economy organization \u2013 a think-tank focused on economic policies and the European integration of the Republic of Moldova.<\/p><p>She is also a member of the Supervisory Board of the National Bank of Moldova, the board of the European Council for Foreign Relations, and the academic board of the Wilfried Center for European Studies.<\/p><p>Between August 2021 and February 2023, Natalia Gavrili\u021ba served as Prime Minister of the Republic of Moldova. During this period, the Government officially submitted the application for accession to the European Union. In June \u2013 November 2019, she served as the Minister of Finance, and previously she was the director of the Global Innovation Foundation, based in London.<\/p><p>Natalia Gavrili\u021ba graduated from the Faculty of Law of the State University of Moldova and obtained a master&#039;s degree in Public Policy from Harvard University in the USA.<\/p>\t\t\t\t\t\t\t\t<\/div>\n\t\t\t\t<\/div>\n\t\t\t\t\t<\/div>\n\t\t<\/div>\n\t\t\t\t\t<\/div>\n\t\t<\/section>\n\t\t\t\t<\/div>","protected":false},"excerpt":{"rendered":"<p>Facebook Linkedin Natalia Gavrili\u021ba Director PNE Natalia Gavrili\u021ba este co-fondatoarea \u0219i directoarea organiza\u021biei AO Parteneriate pentru Noua Economie \u2013 un think-tank axat pe politicile economice \u0219i integrarea european\u0103 a Republicii Moldova. Ea este, de asemenea, membr\u0103 a Consiliului de Supraveghere a B\u0103ncii Na\u021bionale a Moldovei, a boardului Consiliului European pentru [&hellip;]<\/p>\n","protected":false},"author":2,"featured_media":0,"parent":4491,"menu_order":0,"comment_status":"closed","ping_status":"closed","template":"page-templates\/full-width-transparent.php","meta":{"footnotes":""},"class_list":["post-10231","page","type-page","status-publish","hentry"],"yoast_head":"<!-- This site is optimized with the Yoast SEO plugin v27.5 - https:\/\/yoast.com\/product\/yoast-seo-wordpress\/ -->\n<title>Natalia Gavrili\u021b\u0103 - Parteneriate pentru Noua Economie (PNE)<\/title>\n<meta name=\"description\" content=\"Natalia Gavrili\u021ba, director PNE, fost prim-ministru al Moldovei, expert\u0103 \u00een politici economice \u0219i integrare european\u0103, cu studii la Harvard.\" \/>\n<meta name=\"robots\" content=\"index, follow, max-snippet:-1, max-image-preview:large, max-video-preview:-1\" \/>\n<link rel=\"canonical\" href=\"https:\/\/www.pne.md\/en\/despre-noi\/natalia-gavrilita\/\" \/>\n<meta property=\"og:locale\" content=\"en_US\" \/>\n<meta property=\"og:type\" content=\"article\" \/>\n<meta property=\"og:title\" content=\"Natalia Gavrili\u021b\u0103 - Parteneriate pentru Noua Economie (PNE)\" \/>\n<meta property=\"og:description\" content=\"Natalia Gavrili\u021ba, director PNE, fost prim-ministru al Moldovei, expert\u0103 \u00een politici economice \u0219i integrare european\u0103, cu studii la Harvard.\" \/>\n<meta property=\"og:url\" content=\"https:\/\/www.pne.md\/en\/despre-noi\/natalia-gavrilita\/\" \/>\n<meta property=\"og:site_name\" content=\"Parteneriate pentru Noua Economie (PNE)\" \/>\n<meta property=\"article:publisher\" content=\"https:\/\/www.facebook.com\/profile.php?id=61553713585036\" \/>\n<meta property=\"article:modified_time\" content=\"2024-09-29T11:58:26+00:00\" \/>\n<meta property=\"og:image\" content=\"https:\/\/www.pne.md\/wp-content\/uploads\/2024\/09\/natalia-gavrilita.jpg\" \/>\n<meta name=\"twitter:card\" content=\"summary_large_image\" \/>\n<meta name=\"twitter:label1\" content=\"Est. reading time\" \/>\n\t<meta name=\"twitter:data1\" content=\"1 minute\" \/>\n<script type=\"application\/ld+json\" class=\"yoast-schema-graph\">{\"@context\":\"https:\\\/\\\/schema.org\",\"@graph\":[{\"@type\":\"WebPage\",\"@id\":\"https:\\\/\\\/www.pne.md\\\/despre-noi\\\/natalia-gavrilita\\\/\",\"url\":\"https:\\\/\\\/www.pne.md\\\/despre-noi\\\/natalia-gavrilita\\\/\",\"name\":\"Natalia Gavrili\u021b\u0103 - Parteneriate pentru Noua Economie (PNE)\",\"isPartOf\":{\"@id\":\"https:\\\/\\\/www.pne.md\\\/#website\"},\"primaryImageOfPage\":{\"@id\":\"https:\\\/\\\/www.pne.md\\\/despre-noi\\\/natalia-gavrilita\\\/#primaryimage\"},\"image\":{\"@id\":\"https:\\\/\\\/www.pne.md\\\/despre-noi\\\/natalia-gavrilita\\\/#primaryimage\"},\"thumbnailUrl\":\"https:\\\/\\\/www.pne.md\\\/wp-content\\\/uploads\\\/2024\\\/09\\\/natalia-gavrilita.jpg\",\"datePublished\":\"2024-09-17T19:12:18+00:00\",\"dateModified\":\"2024-09-29T11:58:26+00:00\",\"description\":\"Natalia Gavrili\u021ba, director PNE, fost prim-ministru al Moldovei, expert\u0103 \u00een politici economice \u0219i integrare european\u0103, cu studii la Harvard.\",\"breadcrumb\":{\"@id\":\"https:\\\/\\\/www.pne.md\\\/despre-noi\\\/natalia-gavrilita\\\/#breadcrumb\"},\"inLanguage\":\"en-US\",\"potentialAction\":[{\"@type\":\"ReadAction\",\"target\":[\"https:\\\/\\\/www.pne.md\\\/despre-noi\\\/natalia-gavrilita\\\/\"]}]},{\"@type\":\"ImageObject\",\"inLanguage\":\"en-US\",\"@id\":\"https:\\\/\\\/www.pne.md\\\/despre-noi\\\/natalia-gavrilita\\\/#primaryimage\",\"url\":\"https:\\\/\\\/www.pne.md\\\/wp-content\\\/uploads\\\/2024\\\/09\\\/natalia-gavrilita.jpg\",\"contentUrl\":\"https:\\\/\\\/www.pne.md\\\/wp-content\\\/uploads\\\/2024\\\/09\\\/natalia-gavrilita.jpg\"},{\"@type\":\"BreadcrumbList\",\"@id\":\"https:\\\/\\\/www.pne.md\\\/despre-noi\\\/natalia-gavrilita\\\/#breadcrumb\",\"itemListElement\":[{\"@type\":\"ListItem\",\"position\":1,\"name\":\"Home\",\"item\":\"https:\\\/\\\/www.pne.md\\\/\"},{\"@type\":\"ListItem\",\"position\":2,\"name\":\"Despre noi\",\"item\":\"https:\\\/\\\/www.pne.md\\\/despre-noi\\\/\"},{\"@type\":\"ListItem\",\"position\":3,\"name\":\"Natalia Gavrili\u021b\u0103\"}]},{\"@type\":\"WebSite\",\"@id\":\"https:\\\/\\\/www.pne.md\\\/#website\",\"url\":\"https:\\\/\\\/www.pne.md\\\/\",\"name\":\"Parteneriate pentru Noua Economie (PNE)\",\"description\":\"\",\"publisher\":{\"@id\":\"https:\\\/\\\/www.pne.md\\\/#organization\"},\"potentialAction\":[{\"@type\":\"SearchAction\",\"target\":{\"@type\":\"EntryPoint\",\"urlTemplate\":\"https:\\\/\\\/www.pne.md\\\/?s={search_term_string}\"},\"query-input\":{\"@type\":\"PropertyValueSpecification\",\"valueRequired\":true,\"valueName\":\"search_term_string\"}}],\"inLanguage\":\"en-US\"},{\"@type\":\"Organization\",\"@id\":\"https:\\\/\\\/www.pne.md\\\/#organization\",\"name\":\"Parteneriate pentru Noua Economie\",\"url\":\"https:\\\/\\\/www.pne.md\\\/\",\"logo\":{\"@type\":\"ImageObject\",\"inLanguage\":\"en-US\",\"@id\":\"https:\\\/\\\/www.pne.md\\\/#\\\/schema\\\/logo\\\/image\\\/\",\"url\":\"https:\\\/\\\/www.pne.md\\\/wp-content\\\/uploads\\\/2024\\\/04\\\/pne-logo.webp\",\"contentUrl\":\"https:\\\/\\\/www.pne.md\\\/wp-content\\\/uploads\\\/2024\\\/04\\\/pne-logo.webp\",\"width\":1000,\"height\":234,\"caption\":\"Parteneriate pentru Noua Economie\"},\"image\":{\"@id\":\"https:\\\/\\\/www.pne.md\\\/#\\\/schema\\\/logo\\\/image\\\/\"},\"sameAs\":[\"https:\\\/\\\/www.facebook.com\\\/profile.php?id=61553713585036\"]}]}<\/script>\n<!-- \/ Yoast SEO plugin. -->","yoast_head_json":{"title":"Natalia Gavrili\u021b\u0103 - Partnerships for the New Economy (PNE)","description":"Natalia Gavrili\u021ba, director of PNE, former Prime Minister of Moldova, expert in economic policies and European integration, with studies at Harvard.","robots":{"index":"index","follow":"follow","max-snippet":"max-snippet:-1","max-image-preview":"max-image-preview:large","max-video-preview":"max-video-preview:-1"},"canonical":"https:\/\/www.pne.md\/en\/despre-noi\/natalia-gavrilita\/","og_locale":"en_US","og_type":"article","og_title":"Natalia Gavrili\u021b\u0103 - Parteneriate pentru Noua Economie (PNE)","og_description":"Natalia Gavrili\u021ba, director PNE, fost prim-ministru al Moldovei, expert\u0103 \u00een politici economice \u0219i integrare european\u0103, cu studii la Harvard.","og_url":"https:\/\/www.pne.md\/en\/despre-noi\/natalia-gavrilita\/","og_site_name":"Parteneriate pentru Noua Economie (PNE)","article_publisher":"https:\/\/www.facebook.com\/profile.php?id=61553713585036","article_modified_time":"2024-09-29T11:58:26+00:00","og_image":[{"url":"https:\/\/www.pne.md\/wp-content\/uploads\/2024\/09\/natalia-gavrilita.jpg","type":"","width":"","height":""}],"twitter_card":"summary_large_image","twitter_misc":{"Est. reading time":"1 minute"},"schema":{"@context":"https:\/\/schema.org","@graph":[{"@type":"WebPage","@id":"https:\/\/www.pne.md\/despre-noi\/natalia-gavrilita\/","url":"https:\/\/www.pne.md\/despre-noi\/natalia-gavrilita\/","name":"Natalia Gavrili\u021b\u0103 - Partnerships for the New Economy (PNE)","isPartOf":{"@id":"https:\/\/www.pne.md\/#website"},"primaryImageOfPage":{"@id":"https:\/\/www.pne.md\/despre-noi\/natalia-gavrilita\/#primaryimage"},"image":{"@id":"https:\/\/www.pne.md\/despre-noi\/natalia-gavrilita\/#primaryimage"},"thumbnailUrl":"https:\/\/www.pne.md\/wp-content\/uploads\/2024\/09\/natalia-gavrilita.jpg","datePublished":"2024-09-17T19:12:18+00:00","dateModified":"2024-09-29T11:58:26+00:00","description":"Natalia Gavrili\u021ba, director of PNE, former Prime Minister of Moldova, expert in economic policies and European integration, with studies at Harvard.","breadcrumb":{"@id":"https:\/\/www.pne.md\/despre-noi\/natalia-gavrilita\/#breadcrumb"},"inLanguage":"en-US","potentialAction":[{"@type":"ReadAction","target":["https:\/\/www.pne.md\/despre-noi\/natalia-gavrilita\/"]}]},{"@type":"ImageObject","inLanguage":"en-US","@id":"https:\/\/www.pne.md\/despre-noi\/natalia-gavrilita\/#primaryimage","url":"https:\/\/www.pne.md\/wp-content\/uploads\/2024\/09\/natalia-gavrilita.jpg","contentUrl":"https:\/\/www.pne.md\/wp-content\/uploads\/2024\/09\/natalia-gavrilita.jpg"},{"@type":"BreadcrumbList","@id":"https:\/\/www.pne.md\/despre-noi\/natalia-gavrilita\/#breadcrumb","itemListElement":[{"@type":"ListItem","position":1,"name":"Home","item":"https:\/\/www.pne.md\/"},{"@type":"ListItem","position":2,"name":"Despre noi","item":"https:\/\/www.pne.md\/despre-noi\/"},{"@type":"ListItem","position":3,"name":"Natalia Gavrili\u021b\u0103"}]},{"@type":"WebSite","@id":"https:\/\/www.pne.md\/#website","url":"https:\/\/www.pne.md\/","name":"Partnerships for New Economy (PNE)","description":"","publisher":{"@id":"https:\/\/www.pne.md\/#organization"},"potentialAction":[{"@type":"SearchAction","target":{"@type":"EntryPoint","urlTemplate":"https:\/\/www.pne.md\/?s={search_term_string}"},"query-input":{"@type":"PropertyValueSpecification","valueRequired":true,"valueName":"search_term_string"}}],"inLanguage":"en-US"},{"@type":"Organization","@id":"https:\/\/www.pne.md\/#organization","name":"Partnerships for the New Economy","url":"https:\/\/www.pne.md\/","logo":{"@type":"ImageObject","inLanguage":"en-US","@id":"https:\/\/www.pne.md\/#\/schema\/logo\/image\/","url":"https:\/\/www.pne.md\/wp-content\/uploads\/2024\/04\/pne-logo.webp","contentUrl":"https:\/\/www.pne.md\/wp-content\/uploads\/2024\/04\/pne-logo.webp","width":1000,"height":234,"caption":"Parteneriate pentru Noua Economie"},"image":{"@id":"https:\/\/www.pne.md\/#\/schema\/logo\/image\/"},"sameAs":["https:\/\/www.facebook.com\/profile.php?id=61553713585036"]}]}},"_links":{"self":[{"href":"https:\/\/www.pne.md\/en\/wp-json\/wp\/v2\/pages\/10231","targetHints":{"allow":["GET"]}}],"collection":[{"href":"https:\/\/www.pne.md\/en\/wp-json\/wp\/v2\/pages"}],"about":[{"href":"https:\/\/www.pne.md\/en\/wp-json\/wp\/v2\/types\/page"}],"author":[{"embeddable":true,"href":"https:\/\/www.pne.md\/en\/wp-json\/wp\/v2\/users\/2"}],"replies":[{"embeddable":true,"href":"https:\/\/www.pne.md\/en\/wp-json\/wp\/v2\/comments?post=10231"}],"version-history":[{"count":88,"href":"https:\/\/www.pne.md\/en\/wp-json\/wp\/v2\/pages\/10231\/revisions"}],"predecessor-version":[{"id":11192,"href":"https:\/\/www.pne.md\/en\/wp-json\/wp\/v2\/pages\/10231\/revisions\/11192"}],"up":[{"embeddable":true,"href":"https:\/\/www.pne.md\/en\/wp-json\/wp\/v2\/pages\/4491"}],"wp:attachment":[{"href":"https:\/\/www.pne.md\/en\/wp-json\/wp\/v2\/media?parent=10231"}],"curies":[{"name":"wp","href":"https:\/\/api.w.org\/{rel}","templated":true}]}}